{"id":1968,"date":"2017-08-06T12:18:42","date_gmt":"2017-08-06T12:18:42","guid":{"rendered":"https:\/\/greencservices.com\/en\/pulidores-de-pisos-terrazo-en-panama\/"},"modified":"2025-12-19T17:37:07","modified_gmt":"2025-12-19T22:37:07","slug":"terrazzo-polishing-panama","status":"publish","type":"page","link":"https:\/\/greencservices.com\/en\/terrazzo-polishing-panama\/","title":{"rendered":"Terrazzo Polishing Panama"},"content":{"rendered":"<section class=\"wpb-content-wrapper\"><p>[vc_row full_width=&#8221;stretch_row_content&#8221; css=&#8221;.vc_custom_1691381276135{padding-bottom: 55px !important;background-image: url(https:\/\/greencservices.com\/wp-content\/uploads\/2017\/05\/pisos.jpg?id=1804) !important;background-position: center !important;background-repeat: no-repeat !important;background-size: cover !important;}&#8221; overlay_bg_color=&#8221;rgba(43,182,233,0.47)&#8221;][vc_column][vc_empty_space height=&#8221;90&#8243; height_md=&#8221;90&#8243; height_sm=&#8221;90&#8243; height_xs=&#8221;90&#8243;][vc_custom_heading text=&#8221;\u00bfPisos sucios y sin brillo?&#8221; font_container=&#8221;tag:h4|text_align:center|color:%23ffffff&#8221; use_theme_fonts=&#8221;yes&#8221; css=&#8221;.vc_custom_1495464673576{margin-bottom: 10px !important;}&#8221;][vc_column_text]<\/p>\n<h1 style=\"text-align: center;\"><span style=\"color: #ffffff;\">Pulidores de Pisos Terrazo en Panam\u00e1<\/span><\/h1>\n<p>[\/vc_column_text][vc_empty_space height=&#8221;40&#8243; height_md=&#8221;40&#8243; height_sm=&#8221;40&#8243; height_xs=&#8221;40&#8243;][\/vc_column][\/vc_row][vc_row css=&#8221;.vc_custom_1446199058489{padding-bottom: 90px !important;}&#8221;][vc_column width=&#8221;1\/2&#8243; col_content_align=&#8221;text-center&#8221; css=&#8221;.vc_custom_1477331214777{margin-bottom: 30px !important;}&#8221;][vc_column_text css_animation=&#8221;right-to-left&#8221;]Los Pulidores de Pisos Terrazo en Panam\u00e1 de Green Cleaning Services se encargaran de dejar sus pisos relucientes. \u00a1Cont\u00e1ctenos!. Hoy en d\u00eda, los pisos de terrazo est\u00e1n haciendo un gran regreso.\u00a0 M\u00e1s y m\u00e1s due\u00f1os de casa, lo eligen por su durabilidad.<\/p>\n<p><strong>Pulidores de terrazo<\/strong><br \/>\nGreen Cleaning Services puede darle vida a sus pisos de terrazo y devolverle ese brillo natural original.<\/p>\n<p>El terrazo es un acabado de piedra \u00fanico que normalmente contiene trozos de m\u00e1rmol de diferentes tama\u00f1os y colores y se mantiene junto con una base de cemento o, en una nueva aplicaci\u00f3n, se mantiene unido con una base de resina o epoxi.<\/p>\n<p>El Terrazo puede ser pulido con un proceso de pulido natural que realmente puede reducir el costo de mantenimiento. Cuando el terrazzo se termina de pulir naturalmente usted puede alcanzar un final brillante o mate.<\/p>\n<p>Green Cleaning Services puede pulir sus pisos de terrazo, paredes o mostradores. El uso de los productos de limpieza y cuidado adecuados mantendr\u00e1 su terrazo luciendo nuevo con el m\u00ednimo de mantenimiento.<\/p>\n<p>Somos expertos de confianza en Panam\u00e1 para pulir terrazo con un acabado hermoso y natural.<\/p>\n<p>El Terrazo es hermoso, resistente y de bajo mantenimiento, pero la gente en general no se da cuenta de esto porque el terrazo es tan a menudo sujeto a la limpieza y el cuidado inadecuado.<\/p>\n<p>Muchos pisos de terrazo tienen capas sobre capa de ceras viejas, amarillentas o revestimientos. El conglomerado de piedra en s\u00ed sigue siendo hermoso, pero nadie lo puede ver, porque est\u00e1 cubierto con revestimientos que tienen una tendencia a recoger la suciedad y ser rayado. En un intento de mejorar la apariencia del piso, la gente luego usa productos qu\u00edmicos fuertes para desnudar y volver a encerar el terrazzo<\/p>\n<p style=\"text-align: justify;\">Para m\u00e1s informaci\u00f3n sobre nosotros visite: <a href=\"https:\/\/greencservices.com\/\">empresa de limpieza Panam\u00e1<\/a> \u00f3 conozca nuestros servicios de\u00a0 <a href=\"https:\/\/greencservices.com\/\">limpieza en Panam\u00e1<\/a><\/p>\n<p>[\/vc_column_text][\/vc_column][vc_column width=&#8221;1\/2&#8243; col_list_style=&#8221;cms-list list-star list-star-o&#8221; css=&#8221;.vc_custom_1446448909552{margin-bottom: 30px !important;}&#8221;][vc_column_text]<\/p>\n<h4 style=\"text-align: center;\"><span style=\"color: #2bb6e9;\">Ahorre tiempo y energ\u00eda dej\u00e1ndonos el pulido a nosotros<\/span><\/h4>\n<p>[\/vc_column_text][vc_custom_heading text=&#8221;Maximice la longevidad de su propiedad&#8221; font_container=&#8221;tag:h3|font_size:30|text_align:center|color:%231b5b37&#8243; use_theme_fonts=&#8221;yes&#8221; cms_custom_headding=&#8221;bottom-line&#8221; css=&#8221;.vc_custom_1691381299484{margin-bottom: 5px !important;}&#8221;][vc_btn title=&#8221;\u00a1PROGRAME UNA CITA HOY!&#8221; style=&#8221;custom&#8221; custom_background=&#8221;#f29113&#8243; custom_text=&#8221;#ffffff&#8221; size=&#8221;lg&#8221; align=&#8221;center&#8221; link=&#8221;url:https%3A%2F%2Fgreencservices.com%2Fformulario-general%2F|&#8221;][vc_column_text]<\/p>\n<h4 style=\"text-align: center;\"><span style=\"color: #2bb6e9;\">Deje que nuestros profesionales se encarguen del trabajo<\/span><\/h4>\n<p>[\/vc_column_text][\/vc_column][vc_column][vc_row_inner][vc_column_inner width=&#8221;1\/2&#8243;][vc_single_image image=&#8221;4975&#8243; img_size=&#8221;full&#8221; alignment=&#8221;center&#8221; style=&#8221;vc_box_shadow&#8221; css_animation=&#8221;left-to-right&#8221;][\/vc_column_inner][vc_column_inner width=&#8221;1\/2&#8243;][vc_single_image image=&#8221;7005&#8243; img_size=&#8221;full&#8221; alignment=&#8221;center&#8221; style=&#8221;vc_box_shadow&#8221; css_animation=&#8221;left-to-right&#8221;][\/vc_column_inner][\/vc_row_inner][vc_btn title=&#8221;VER M\u00c1S SERVICIOS&#8221; align=&#8221;center&#8221; link=&#8221;url:http%3A%2F%2Fgreencservices.com%2Fservicios-de-limpieza-en-panama%2F|&#8221;][vc_column_text]<\/p>\n<h2 style=\"text-align: center;\"><span style=\"color: #99cc00;\"><strong><em> Como Nuevos<\/em><\/strong><\/span><\/h2>\n<p>[\/vc_column_text][\/vc_column][\/vc_row]<\/p>\n<\/section>","protected":false},"excerpt":{"rendered":"<p>[vc_row full_width=&#8221;stretch_row_content&#8221; css=&#8221;.vc_custom_1691381276135{padding-bottom: 55px !important;background-image: url(https:\/\/greencservices.com\/wp-content\/uploads\/2017\/05\/pisos.jpg?id=1804) !important;background-position: center !important;background-repeat: no-repeat !important;background-size: cover !important;}&#8221; overlay_bg_color=&#8221;rgba(43,182,233,0.47)&#8221;][vc_column][vc_empty_space height=&#8221;90&#8243; height_md=&#8221;90&#8243; height_sm=&#8221;90&#8243; height_xs=&#8221;90&#8243;][vc_custom_heading text=&#8221;\u00bfPisos sucios y sin brillo?&#8221; font_container=&#8221;tag:h4|text_align:center|color:%23ffffff&#8221; use_theme_fonts=&#8221;yes&#8221; css=&#8221;.vc_custom_1495464673576{margin-bottom: 10px !important;}&#8221;][vc_column_text] Pulidores de Pisos Terrazo en Panam\u00e1 [\/vc_column_text][vc_empty_space height=&#8221;40&#8243; height_md=&#8221;40&#8243; height_sm=&#8221;40&#8243; height_xs=&#8221;40&#8243;][\/vc_column][\/vc_row][vc_row css=&#8221;.vc_custom_1446199058489{padding-bottom: 90px !important;}&#8221;][vc_column width=&#8221;1\/2&#8243; col_content_align=&#8221;text-center&#8221; css=&#8221;.vc_custom_1477331214777{margin-bottom: 30px !important;}&#8221;][vc_column_text css_animation=&#8221;right-to-left&#8221;]Los Pulidores de Pisos Terrazo en Panam\u00e1 de [&hellip;]<\/p>\n","protected":false},"author":1,"featured_media":1970,"parent":0,"menu_order":0,"comment_status":"closed","ping_status":"closed","template":"","meta":{"_acf_changed":false,"site-sidebar-layout":"no-sidebar","site-content-layout":"plain-container","ast-site-content-layout":"normal-width-container","site-content-style":"unboxed","site-sidebar-style":"unboxed","ast-global-header-display":"","ast-banner-title-visibility":"","ast-main-header-display":"","ast-hfb-above-header-display":"","ast-hfb-below-header-display":"","ast-hfb-mobile-header-display":"","site-post-title":"disabled","ast-breadcrumbs-content":"","ast-featured-img":"disabled","footer-sml-layout":"","theme-transparent-header-meta":"default","adv-header-id-meta":"","stick-header-meta":"","header-above-stick-meta":"","header-main-stick-meta":"","header-below-stick-meta":"","astra-migrate-meta-layouts":"set","ast-page-background-enabled":"default","ast-page-background-meta":{"desktop":{"background-color":"var(--ast-global-color-4)","background-image":"","background-repeat":"repeat","background-position":"center center","background-size":"auto","background-attachment":"scroll","background-type":"","background-media":"","overlay-type":"","overlay-color":"","overlay-opacity":"","overlay-gradient":""},"tablet":{"background-color":"","background-image":"","background-repeat":"repeat","background-position":"center center","background-size":"auto","background-attachment":"scroll","background-type":"","background-media":"","overlay-type":"","overlay-color":"","overlay-opacity":"","overlay-gradient":""},"mobile":{"background-color":"","background-image":"","background-repeat":"repeat","background-position":"center center","background-size":"auto","background-attachment":"scroll","background-type":"","background-media":"","overlay-type":"","overlay-color":"","overlay-opacity":"","overlay-gradient":""}},"ast-content-background-meta":{"desktop":{"background-color":"var(--ast-global-color-5)","background-image":"","background-repeat":"repeat","background-position":"center center","background-size":"auto","background-attachment":"scroll","background-type":"","background-media":"","overlay-type":"","overlay-color":"","overlay-opacity":"","overlay-gradient":""},"tablet":{"background-color":"var(--ast-global-color-5)","background-image":"","background-repeat":"repeat","background-position":"center center","background-size":"auto","background-attachment":"scroll","background-type":"","background-media":"","overlay-type":"","overlay-color":"","overlay-opacity":"","overlay-gradient":""},"mobile":{"background-color":"var(--ast-global-color-5)","background-image":"","background-repeat":"repeat","background-position":"center center","background-size":"auto","background-attachment":"scroll","background-type":"","background-media":"","overlay-type":"","overlay-color":"","overlay-opacity":"","overlay-gradient":""}},"footnotes":""},"class_list":["post-1968","page","type-page","status-publish","has-post-thumbnail","hentry"],"acf":[],"_links":{"self":[{"href":"https:\/\/greencservices.com\/en\/wp-json\/wp\/v2\/pages\/1968","targetHints":{"allow":["GET"]}}],"collection":[{"href":"https:\/\/greencservices.com\/en\/wp-json\/wp\/v2\/pages"}],"about":[{"href":"https:\/\/greencservices.com\/en\/wp-json\/wp\/v2\/types\/page"}],"author":[{"embeddable":true,"href":"https:\/\/greencservices.com\/en\/wp-json\/wp\/v2\/users\/1"}],"replies":[{"embeddable":true,"href":"https:\/\/greencservices.com\/en\/wp-json\/wp\/v2\/comments?post=1968"}],"version-history":[{"count":5,"href":"https:\/\/greencservices.com\/en\/wp-json\/wp\/v2\/pages\/1968\/revisions"}],"predecessor-version":[{"id":1969,"href":"https:\/\/greencservices.com\/en\/wp-json\/wp\/v2\/pages\/1968\/revisions\/1969"}],"wp:featuredmedia":[{"embeddable":true,"href":"https:\/\/greencservices.com\/en\/wp-json\/wp\/v2\/media\/1970"}],"wp:attachment":[{"href":"https:\/\/greencservices.com\/en\/wp-json\/wp\/v2\/media?parent=1968"}],"curies":[{"name":"wp","href":"https:\/\/api.w.org\/{rel}","templated":true}]}}