{"id":2753,"date":"2019-05-15T20:38:06","date_gmt":"2019-05-15T20:38:06","guid":{"rendered":"https:\/\/greencservices.com\/?page_id=2753"},"modified":"2025-12-26T18:09:03","modified_gmt":"2025-12-26T23:09:03","slug":"facade-cleaning-services-panama","status":"publish","type":"page","link":"https:\/\/greencservices.com\/en\/facade-cleaning-services-panama\/","title":{"rendered":"Facade Cleaning Services Panama"},"content":{"rendered":"<section class=\"wpb-content-wrapper\"><p>[vc_row full_width=&#8221;stretch_row_content&#8221; css=&#8221;.vc_custom_1766789872204{padding-bottom: 55px !important;background-image: url(https:\/\/greencservices.com\/wp-content\/uploads\/2019\/05\/hand-4053806_1920-copia.jpg?id=2759) !important;background-position: center !important;background-repeat: no-repeat !important;background-size: cover !important;}&#8221; overlay_bg_color=&#8221;rgba(43,182,233,0.47)&#8221;][vc_column][vc_empty_space height=&#8221;90&#8243; height_md=&#8221;90&#8243; height_sm=&#8221;90&#8243; height_xs=&#8221;90&#8243;][vc_custom_heading text=&#8221;We adjust to your need&#8221; font_container=&#8221;tag:h4|text_align:center|color:%23ffffff&#8221; use_theme_fonts=&#8221;yes&#8221; css=&#8221;.vc_custom_1497995898728{margin-bottom: 10px !important;}&#8221;][vc_column_text]<\/p>\n<h1 style=\"text-align: center;\"><span style=\"color: #ffffff;\">FACADE CLEANING SERVICES PANAMA<\/span><\/h1>\n<p>[\/vc_column_text][vc_empty_space height=&#8221;40&#8243; height_md=&#8221;40&#8243; height_sm=&#8221;40&#8243; height_xs=&#8221;40&#8243;][\/vc_column][\/vc_row][vc_row css=&#8221;.vc_custom_1446199058489{padding-bottom: 90px !important;}&#8221;][vc_column width=&#8221;1\/2&#8243; col_content_align=&#8221;text-center&#8221; css=&#8221;.vc_custom_1477331214777{margin-bottom: 30px !important;}&#8221;][vc_single_image image=&#8221;5181&#8243; img_size=&#8221;full&#8221; style=&#8221;vc_box_shadow&#8221; css_animation=&#8221;left-to-right&#8221;][vc_empty_space height=&#8221;50&#8243; height_md=&#8221;50&#8243; height_sm=&#8221;50&#8243; height_xs=&#8221;50&#8243;][vc_column_text]<\/p>\n<h4 style=\"text-align: center;\"><span style=\"color: #00ccff;\">For more information about Facade Cleaning Services Panama<br \/>\n<\/span><\/h4>\n<p>[\/vc_column_text][vc_empty_space height=&#8221;20&#8243; height_md=&#8221;20&#8243; height_sm=&#8221;20&#8243; height_xs=&#8221;20&#8243;][vc_custom_heading text=&#8221;CONTACT US NOW&#8221; font_container=&#8221;tag:h2|font_size:30|text_align:center|color:%23666666&#8243; use_theme_fonts=&#8221;yes&#8221; cms_custom_headding=&#8221;bottom-line&#8221; css=&#8221;.vc_custom_1497996846655{margin-bottom: 5px !important;}&#8221;][vc_empty_space][vc_btn title=&#8221;SEE MORE SERVICES&#8221; style=&#8221;btn btn-default btn-alt&#8221; link=&#8221;url:https%3A%2F%2Fgreencservices.com%2Fen%2Fcleaning-services-in-panama%2F|||&#8221;][vc_btn title=&#8221;GET A QUOTE&#8221; link=&#8221;url:https%3A%2F%2Fgreencservices.com%2Fen%2Fquote%2F|||&#8221;][vc_empty_space][\/vc_column][vc_column width=&#8221;1\/2&#8243; col_list_style=&#8221;cms-list list-star list-star-o&#8221; css=&#8221;.vc_custom_1446448909552{margin-bottom: 30px !important;}&#8221;][vc_column_text css_animation=&#8221;right-to-left&#8221;]Green Cleaning Services facade cleaning and glass cleaning service offers a professional soft washing and high-pressure cleaning promising a sparkling finish every time.<\/p>\n<p>We differentiate ourselves in our industry by offering a highly personalised service.<\/p>\n<p>We clean industrial &amp; commercial buildings, malls, hotels, schools, office buildings, factories, residential properties throughout Panama City.<\/p>\n<p><strong>Facade Cleaning Services<\/strong><\/p>\n<p>Facade which also means the frontage or the face is one of the most important parts of the building as it will be the first impression of your company. To make that first impression as the best impression, we offer facade cleaning services to our clients that ensures that the building has a more hospitable front. Facade cleaning system also helps to remove the harsh pollutants that might affect the facade in the long run.<\/p>\n<p><strong>Facade Cleaning System<\/strong><\/p>\n<p>It is very important to take care of those high rising glass facades or else the durability of those facades will degrade. We at Green Cleaning Services understand the difficulties in Facade glass cleaning especially when cleaning high rise buildings<\/p>\n<p>Only trained professionals are permitted to perform fa\u00e7ade cleaning services. The professionals have prior experience and knowledge about Fa\u00e7ade cleaning. This is the reason why we have gathered a dedicated team of fa\u00e7ade cleaners under our portfolio.<\/p>\n<p>Our fa\u00e7ade cleaners first analyse the condition of building fa\u00e7ade and accordingly plan out an appropriate fa\u00e7ade cleaning technique. No matter, how tall is the fa\u00e7ade; we ensure you best cleaning services.<\/p>\n<p><strong>Skilled team<\/strong><\/p>\n<p>The most skilled and risky job is fa\u00e7ade cleaning. Our services will make sure that our staffs are all equipped with the correct safety equipment when on duty.<\/p>\n<p>We use international standards for cleaning high buildings and we make sure that the building is safe before doing it. Our expert team takes a survey before starting the work to make sure both sides don\u2019t have any damages. In addition, we are certified with ISO 9001 Quality Standards and Cleaning Industry Management Standards (CIMS)<\/p>\n<p>In a city like Panama, which is visited by rains and winds on regular basis and most facades accumulate dust and dirt quickly and the imperfections can be easily seen.<\/p>\n<p>So it is important to clean your facade on a regular basis. Don\u2019t expect your maintenance staff to clean the facades with the same level of quality because facade cleaning is a totally different skill requiring its own tools, experience and expertise which we have in abundance.<br \/>\nMost facades accumulate dust and dirt quickly and the imperfections can be easily seen.<\/p>\n<p><strong>Excellent Service with Competitive Pricing<\/strong><\/p>\n<p>We offer maintenance of facade cleaning system at a competitive price.[\/vc_column_text][vc_empty_space][\/vc_column][\/vc_row][vc_row][vc_column][vc_custom_heading text=&#8221;Repairs and painting of facades and buildings in Panama&#8221; use_theme_fonts=&#8221;yes&#8221;][vc_column_text]At Green Cleaning Services, as a company specializing in repairs and painting of facades and buildings in Panama, we consider the ideal exterior coating for each type of surface.\u00a0 In this way, not only the decorative-aesthetic aspect, but also the total protection of the walls.<\/p>\n<p>The coatings must offer the following characteristics:<\/p>\n<ul>\n<li>Waterproof and permeable to water vapour allowing the support to inhale.<\/li>\n<li>Durable with great resistance to aging and weathering.<\/li>\n<li>Facade cladding with covering power and capacity to maintain colour.<\/li>\n<li>Resistant to alkalis.<\/li>\n<li>High resistance to the diffusion of CO2, reducing the speed of concrete carbonation.<\/li>\n<li>Prevent the formation of algae and other microorganisms (Anti-mildew).<\/li>\n<\/ul>\n<p>[\/vc_column_text][\/vc_column][\/vc_row][vc_row][vc_column width=&#8221;1\/2&#8243;][vc_custom_heading text=&#8221;Repair Damaged Facades Safely&#8221; use_theme_fonts=&#8221;yes&#8221;][vc_column_text]At Green Cleaning Services, as a company specializing in facade repair and painting in Panama, we need to use specialized safety systems for workers. For the use of exterior paint on facades it is often necessary to install lifelines.<\/p>\n<p>We can remove the need for expensive material replacement and effectively restore your fa\u00e7ade with an effective external redecoration solution. We can provide colour match solutions colour design schemes to help you visualise how your building will look upon completion. All the fa\u00e7ade painting and refurbishment works are undertaken with the complete building finish in mind.<\/p>\n<p>Our paints are UV resistant, breathable, highly effective at repelling water, and contain a film preservative to help protect the fa\u00e7ade from further infestation and growth of algae making them suitable for both listed and commercial building painting.[\/vc_column_text][\/vc_column][vc_column width=&#8221;1\/2&#8243;][vc_custom_heading text=&#8221;Fa\u00e7ade Repair and Paining Preparatory Work&#8221; use_theme_fonts=&#8221;yes&#8221;][vc_column_text]Even if you use the most expensive facade paint available on the market, you will not benefit from this without expert preparation.<\/p>\n<p>As professional on repairs and painting of facades and buildings in Panama, 60-80 % of the time is taken up by the preparatory work alone, which ultimately guarantees the long service life.<\/p>\n<p>The preparatory activities include:<\/p>\n<ul>\n<li>Washing the entire fa\u00e7ade with a high-pressure cleaner and smoothing it down manually.<\/li>\n<li>Spraying fungicide to prevent the growth of algae \/ fungi between the old and new coating.<\/li>\n<li>Apply deep primer to make the substrate adherent.<\/li>\n<li>Embed crack tissue and apply fibre reinforced filler.<\/li>\n<li>Prime all surfaces and prepare for the next coat.<\/li>\n<\/ul>\n<p>[\/vc_column_text][\/vc_column][\/vc_row][vc_row][vc_column][vc_custom_heading text=&#8221;Residential Facade Renovation&#8221; use_theme_fonts=&#8221;yes&#8221;][vc_column_text]Unfortunately, the facades of a residential buildings are often not given the attention they deserves. This can result in cracked walls and flaked paint.<\/p>\n<p>The facade should not only be given a lot of attention for optical reasons but much more for purely technical and building physics reasons.<\/p>\n<p>The condition of the fa\u00e7ade also contributes to a large extent to the comfort of living.<\/p>\n<p>And let us not forget that an accurately renovated facade enhances your property in the long term, increases its market value and makes it more attractive.<\/p>\n<p>To be able to enjoy a pleasant and healthy indoor climate at any time of the year and at the same time keep costs for cooling and renovations low, we recommend not to wait until the last moment when structural defects become visible and possibly unattractive. If such defects are remedied promptly this will cost less than a complete refurbishment caused by delay and necessary later.<\/p>\n<p>Brownish, greenish or even reddish discoloration of a fa\u00e7ade, or parts of it, indicates a deeper quality loss and should always be regarded as a warning sign. This can be caused by algae or fungal growth, which impairs and ultimately destroys the protective function of the fa\u00e7ade. This often occurs in areas that are always or mostly shaded.<\/p>\n<p>Here in Panama, cracks in facades due to poor workmanship, foundation subsidence, slight earth tremors due to earthquakes, etc. are among the reasons responsible for moisture problems and mould in the interior, due to rainwater running down the fa\u00e7ade until it cracks and is sucked directly into the wall through the capillary effect of the plaster.[\/vc_column_text][\/vc_column][\/vc_row][vc_row][vc_column][vc_column_text]<\/p>\n<h2 style=\"text-align: center;\"><span style=\"color: #99cc00;\"><strong><em>You won\u2019t be disappointed. Call us for a free quote for your Facade Cleaning Services Panama today!<\/em><\/strong><\/span><\/h2>\n<p>[\/vc_column_text][\/vc_column][\/vc_row][vc_row][vc_column][vc_single_image image=&#8221;10162&#8243; img_size=&#8221;full&#8221; alignment=&#8221;center&#8221; onclick=&#8221;custom_link&#8221; link=&#8221;https:\/\/www.certificacionglobal.com\/&#8221;][\/vc_column][\/vc_row]<\/p>\n<\/section>","protected":false},"excerpt":{"rendered":"<p>[vc_row full_width=&#8221;stretch_row_content&#8221; css=&#8221;.vc_custom_1766789872204{padding-bottom: 55px !important;background-image: url(https:\/\/greencservices.com\/wp-content\/uploads\/2019\/05\/hand-4053806_1920-copia.jpg?id=2759) !important;background-position: center !important;background-repeat: no-repeat !important;background-size: cover !important;}&#8221; overlay_bg_color=&#8221;rgba(43,182,233,0.47)&#8221;][vc_column][vc_empty_space height=&#8221;90&#8243; height_md=&#8221;90&#8243; height_sm=&#8221;90&#8243; height_xs=&#8221;90&#8243;][vc_custom_heading text=&#8221;We adjust to your need&#8221; font_container=&#8221;tag:h4|text_align:center|color:%23ffffff&#8221; use_theme_fonts=&#8221;yes&#8221; css=&#8221;.vc_custom_1497995898728{margin-bottom: 10px !important;}&#8221;][vc_column_text] FACADE CLEANING SERVICES PANAMA [\/vc_column_text][vc_empty_space height=&#8221;40&#8243; height_md=&#8221;40&#8243; height_sm=&#8221;40&#8243; height_xs=&#8221;40&#8243;][\/vc_column][\/vc_row][vc_row css=&#8221;.vc_custom_1446199058489{padding-bottom: 90px !important;}&#8221;][vc_column width=&#8221;1\/2&#8243; col_content_align=&#8221;text-center&#8221; css=&#8221;.vc_custom_1477331214777{margin-bottom: 30px !important;}&#8221;][vc_single_image image=&#8221;5181&#8243; img_size=&#8221;full&#8221; style=&#8221;vc_box_shadow&#8221; css_animation=&#8221;left-to-right&#8221;][vc_empty_space height=&#8221;50&#8243; height_md=&#8221;50&#8243; height_sm=&#8221;50&#8243; height_xs=&#8221;50&#8243;][vc_column_text] For more [&hellip;]<\/p>\n","protected":false},"author":1,"featured_media":2765,"parent":0,"menu_order":0,"comment_status":"closed","ping_status":"closed","template":"","meta":{"_acf_changed":false,"site-sidebar-layout":"no-sidebar","site-content-layout":"plain-container","ast-site-content-layout":"normal-width-container","site-content-style":"unboxed","site-sidebar-style":"unboxed","ast-global-header-display":"","ast-banner-title-visibility":"","ast-main-header-display":"","ast-hfb-above-header-display":"","ast-hfb-below-header-display":"","ast-hfb-mobile-header-display":"","site-post-title":"disabled","ast-breadcrumbs-content":"","ast-featured-img":"disabled","footer-sml-layout":"","theme-transparent-header-meta":"default","adv-header-id-meta":"","stick-header-meta":"","header-above-stick-meta":"","header-main-stick-meta":"","header-below-stick-meta":"","astra-migrate-meta-layouts":"set","ast-page-background-enabled":"default","ast-page-background-meta":{"desktop":{"background-color":"var(--ast-global-color-4)","background-image":"","background-repeat":"repeat","background-position":"center center","background-size":"auto","background-attachment":"scroll","background-type":"","background-media":"","overlay-type":"","overlay-color":"","overlay-opacity":"","overlay-gradient":""},"tablet":{"background-color":"","background-image":"","background-repeat":"repeat","background-position":"center center","background-size":"auto","background-attachment":"scroll","background-type":"","background-media":"","overlay-type":"","overlay-color":"","overlay-opacity":"","overlay-gradient":""},"mobile":{"background-color":"","background-image":"","background-repeat":"repeat","background-position":"center center","background-size":"auto","background-attachment":"scroll","background-type":"","background-media":"","overlay-type":"","overlay-color":"","overlay-opacity":"","overlay-gradient":""}},"ast-content-background-meta":{"desktop":{"background-color":"var(--ast-global-color-5)","background-image":"","background-repeat":"repeat","background-position":"center center","background-size":"auto","background-attachment":"scroll","background-type":"","background-media":"","overlay-type":"","overlay-color":"","overlay-opacity":"","overlay-gradient":""},"tablet":{"background-color":"var(--ast-global-color-5)","background-image":"","background-repeat":"repeat","background-position":"center center","background-size":"auto","background-attachment":"scroll","background-type":"","background-media":"","overlay-type":"","overlay-color":"","overlay-opacity":"","overlay-gradient":""},"mobile":{"background-color":"var(--ast-global-color-5)","background-image":"","background-repeat":"repeat","background-position":"center center","background-size":"auto","background-attachment":"scroll","background-type":"","background-media":"","overlay-type":"","overlay-color":"","overlay-opacity":"","overlay-gradient":""}},"footnotes":""},"class_list":["post-2753","page","type-page","status-publish","has-post-thumbnail","hentry"],"acf":[],"_links":{"self":[{"href":"https:\/\/greencservices.com\/en\/wp-json\/wp\/v2\/pages\/2753","targetHints":{"allow":["GET"]}}],"collection":[{"href":"https:\/\/greencservices.com\/en\/wp-json\/wp\/v2\/pages"}],"about":[{"href":"https:\/\/greencservices.com\/en\/wp-json\/wp\/v2\/types\/page"}],"author":[{"embeddable":true,"href":"https:\/\/greencservices.com\/en\/wp-json\/wp\/v2\/users\/1"}],"replies":[{"embeddable":true,"href":"https:\/\/greencservices.com\/en\/wp-json\/wp\/v2\/comments?post=2753"}],"version-history":[{"count":10,"href":"https:\/\/greencservices.com\/en\/wp-json\/wp\/v2\/pages\/2753\/revisions"}],"predecessor-version":[{"id":10940,"href":"https:\/\/greencservices.com\/en\/wp-json\/wp\/v2\/pages\/2753\/revisions\/10940"}],"wp:featuredmedia":[{"embeddable":true,"href":"https:\/\/greencservices.com\/en\/wp-json\/wp\/v2\/media\/2765"}],"wp:attachment":[{"href":"https:\/\/greencservices.com\/en\/wp-json\/wp\/v2\/media?parent=2753"}],"curies":[{"name":"wp","href":"https:\/\/api.w.org\/{rel}","templated":true}]}}