{"id":3170,"date":"2020-03-21T23:17:06","date_gmt":"2020-03-21T23:17:06","guid":{"rendered":"https:\/\/greencservices.com\/?page_id=3170"},"modified":"2025-12-28T18:58:15","modified_gmt":"2025-12-28T23:58:15","slug":"coronavirus-deep-cleaning-panama","status":"publish","type":"page","link":"https:\/\/greencservices.com\/en\/coronavirus-deep-cleaning-panama\/","title":{"rendered":"Coronavirus deep cleaning Panam\u00e1"},"content":{"rendered":"<section class=\"wpb-content-wrapper\"><p>[vc_row full_width=&#8221;stretch_row_content&#8221; css=&#8221;.vc_custom_1691375590211{padding-bottom: 55px !important;background: rgba(49,184,233,0.38) url(https:\/\/greencservices.com\/wp-content\/uploads\/2020\/03\/banner-1-1.jpg?id=3182) !important;background-position: center !important;background-repeat: no-repeat !important;background-size: cover !important;*background-color: rgb(49,184,233) !important;}&#8221; overlay_bg_color=&#8221;rgba(43,182,233,0.47)&#8221;][vc_column][vc_empty_space height=&#8221;100&#8243; height_md=&#8221;100&#8243; height_sm=&#8221;100&#8243; height_xs=&#8221;100&#8243;][vc_column_text]<\/p>\n<h1 style=\"text-align: center;\" align=\"center\"><span style=\"color: #ffffff;\">LIMPIEZA PROFUNDA DE CORONAVIRUS EN PANAM\u00c1<\/span><\/h1>\n<p>[\/vc_column_text][vc_custom_heading text=&#8221;Somos especialistas en realizar limpiezas profunda y desinfecci\u00f3n de espacios que te ayudar\u00e1n a prevenir el COVID-19 en comercios y residencias&#8221; font_container=&#8221;tag:h4|text_align:center|color:%23ffffff&#8221; use_theme_fonts=&#8221;yes&#8221; css=&#8221;.vc_custom_1584827118695{margin-bottom: 10px !important;}&#8221;][vc_empty_space height=&#8221;40&#8243; height_md=&#8221;40&#8243; height_sm=&#8221;40&#8243; height_xs=&#8221;40&#8243;][\/vc_column][\/vc_row][vc_row][vc_column width=&#8221;1\/2&#8243; css=&#8221;.vc_custom_1446199066121{margin-bottom: 30px !important;}&#8221;][vc_column_text]La limpieza profunda ha adquirido una nueva urgencia este a\u00f1o. Debe lavar, quitar el polvo y desinfectar intensamente sus hogares y oficinas, sabiendo que las vidas pueden depender literalmente de ello.<\/p>\n<p>Aunque se sabe que el nuevo coronavirus se propaga principalmente a trav\u00e9s de gotitas respiratorias (como moco o saliva) de persona a persona, existe evidencia de que la transmisi\u00f3n tambi\u00e9n puede ocurrir al tocar superficies infectadas.<\/p>\n<p>Estos incluyen perillas de puertas, manijas, interruptores de luz, controles remotos e incluso pantallas de tel\u00e9fonos. Un nuevo estudio sugiere que el virus prospera en las superficies de pl\u00e1stico o acero durante d\u00edas. Green Cleaning Services recomienda una medida preventiva de dos pasos mediante la limpieza de superficies visiblemente sucias seguida de desinfecci\u00f3n.[\/vc_column_text][\/vc_column][vc_column width=&#8221;1\/2&#8243; col_list_style=&#8221;cms-list list-star list-star-o&#8221; css=&#8221;.vc_custom_1446448909552{margin-bottom: 30px !important;}&#8221;][vc_column_text]<\/p>\n<h4 style=\"text-align: center;\"><span style=\"color: #2bb6e9;\">Disfrute de un espacio saludable, limpio y fresco<\/span><\/h4>\n<p>[\/vc_column_text][vc_custom_heading text=&#8221;Ahorre tiempo y energ\u00eda dej\u00e1ndonos esta tarea a nosotros&#8221; font_container=&#8221;tag:h3|font_size:30|text_align:center|color:%231b5b37&#8243; use_theme_fonts=&#8221;yes&#8221; cms_custom_headding=&#8221;bottom-line&#8221; css=&#8221;.vc_custom_1691375706830{margin-bottom: 5px !important;}&#8221;][vc_btn title=&#8221;\u00a1PROGRAME UNA CITA HOY!&#8221; style=&#8221;custom&#8221; custom_background=&#8221;#f29113&#8243; custom_text=&#8221;#ffffff&#8221; size=&#8221;lg&#8221; align=&#8221;center&#8221; link=&#8221;url:https%3A%2F%2Fgreencservices.com%2Fformulario-general%2F|&#8221;][vc_column_text]<\/p>\n<h4 style=\"text-align: center;\"><span style=\"color: #2bb6e9;\">Deje que nuestros profesionales se encarguen del trabajo<\/span><\/h4>\n<p>[\/vc_column_text][\/vc_column][\/vc_row][vc_row][vc_column][vc_column_text]<strong>Durante la nueva crisis de Coronavirus, recomendamos<\/strong><\/p>\n<ul>\n<li>Limpie toda su casa con frecuencia, no solo una vez por semana<\/li>\n<li>Presta especial atenci\u00f3n a \u00e1reas como la cocina y el ba\u00f1o.<\/li>\n<li>Los puntos de contacto, como las manijas de las puertas, las almohadillas y los tel\u00e9fonos deben limpiarse regularmente<\/li>\n<li>Use un aerosol o una toallita antibacteriana de buena calidad, as\u00ed como jab\u00f3n, teniendo en cuenta las reacciones al\u00e9rgicas que puedan tener los miembros de su familia.<\/li>\n<\/ul>\n<p><strong>Empresa de limpieza profesional Panam\u00e1<br \/>\n<\/strong><br \/>\nEs muy aconsejable tomar precauciones adicionales. Nuestro proceso de limpieza profunda que implica sumergirse en rincones y grietas olvidadas para atrapar el polvo, la suciedad y las part\u00edculas que transportan virus.<\/p>\n<p>En comparaci\u00f3n con el polvo casual, una limpieza profunda implica la b\u00fasqueda de \u00e1caros del polvo detr\u00e1s de los muebles y gabinetes, abordando grifos de la ducha, fregando dentro de los hornos, trapeando los pisos debajo de las alfombras y barriendo las tablas de la base, los techos y los marcos de las ventanas. Requiere vaciar los armarios para limpiar las superficies internas.<\/p>\n<p>La limpieza profunda agrega aproximadamente una hora extra por habitaci\u00f3n y ba\u00f1o.<\/p>\n<p>Se requiere que nuestros limpiadores usen guantes desechables y cubiertas para zapatos. Desinfectamos las aspiradoras entre citas y utilizamos desinfectantes de manos religiosamente.<\/p>\n<p>Green Cleaning Services recomienda rociar superficies con blanqueador dom\u00e9stico diluido o l\u00edquidos de limpieza con al menos 70% de alcohol. Para algunas oficinas, nuestros equipos roc\u00edan las soluciones usando una niebla cargada electrost\u00e1ticamente que se adhiere mejor a las superficies.<\/p>\n<p>Green Cleaning Services y la Limpieza profunda de coronavirus<br \/>\nComo se nos ha confiado para entrar y hacer un trabajo en su hogar u oficina y nuestro trabajo consiste en mantener a las personas seguras, hemos adoptado estas pol\u00edticas:<\/p>\n<ul>\n<li>Capacitaci\u00f3n y protocolos actualizados, manteniendo al personal actualizado sobre los \u00faltimos consejos de seguridad.<\/li>\n<li>Concentrarnos m\u00e1s en un espacio donde se sospecha un brote.<\/li>\n<li>Uso correcto de equipos de protecci\u00f3n<\/li>\n<li>Usar las cantidades correctas al combinar agua con nuestros productos de limpieza<\/li>\n<li>Exprimir y desinfectar bien las esponjas y trapeadores<\/li>\n<li>Limpieza de todas las superficies posibles<\/li>\n<\/ul>\n<p>[\/vc_column_text][\/vc_column][\/vc_row][vc_row css=&#8221;.vc_custom_1477322388438{padding-bottom: 70px !important;}&#8221;][vc_column width=&#8221;1\/3&#8243; css=&#8221;.vc_custom_1446199066121{margin-bottom: 30px !important;}&#8221;][vc_single_image image=&#8221;3174&#8243; img_size=&#8221;400&#215;400&#8243; alignment=&#8221;center&#8221; style=&#8221;vc_box_shadow&#8221;][\/vc_column][vc_column width=&#8221;1\/3&#8243; col_list_style=&#8221;cms-list list-star list-star-o&#8221; css=&#8221;.vc_custom_1446448909552{margin-bottom: 30px !important;}&#8221;][vc_single_image image=&#8221;6345&#8243; img_size=&#8221;400&#215;400&#8243; alignment=&#8221;center&#8221; style=&#8221;vc_box_shadow&#8221;][\/vc_column][vc_column width=&#8221;1\/3&#8243;][vc_single_image image=&#8221;6343&#8243; img_size=&#8221;400&#215;400&#8243; alignment=&#8221;center&#8221; style=&#8221;vc_box_shadow&#8221;][\/vc_column][\/vc_row][vc_row css=&#8221;.vc_custom_1584828487800{margin-top: -20px !important;}&#8221;][vc_column][vc_btn title=&#8221;VER M\u00c1S SERVICIOS&#8221; align=&#8221;center&#8221; link=&#8221;url:%20http%3A%2F%2Fgreencservices.com%2Fservicios-de-limpieza-en-panama%2F|&#8221;][vc_column_text]<\/p>\n<h2 style=\"text-align: center;\"><span style=\"color: #99cc00;\"><em><strong>Para m\u00e1s informaci\u00f3n sobre <\/strong><\/em><strong>Limpieza profunda de coronavirus en Panam\u00e1<\/strong><em><strong>, <span style=\"color: #99cc00;\"><a style=\"color: #99cc00;\" href=\"https:\/\/greencservices.com\/contacto\/\">cont\u00e1ctenos<\/a><\/span><\/strong><\/em><\/span><\/h2>\n<p>[\/vc_column_text][vc_empty_space][\/vc_column][\/vc_row]<\/p>\n<\/section>","protected":false},"excerpt":{"rendered":"<p>[vc_row full_width=&#8221;stretch_row_content&#8221; css=&#8221;.vc_custom_1691375590211{padding-bottom: 55px !important;background: rgba(49,184,233,0.38) url(https:\/\/greencservices.com\/wp-content\/uploads\/2020\/03\/banner-1-1.jpg?id=3182) !important;background-position: center !important;background-repeat: no-repeat !important;background-size: cover !important;*background-color: rgb(49,184,233) !important;}&#8221; overlay_bg_color=&#8221;rgba(43,182,233,0.47)&#8221;][vc_column][vc_empty_space height=&#8221;100&#8243; height_md=&#8221;100&#8243; height_sm=&#8221;100&#8243; height_xs=&#8221;100&#8243;][vc_column_text] LIMPIEZA PROFUNDA DE CORONAVIRUS EN PANAM\u00c1 [\/vc_column_text][vc_custom_heading text=&#8221;Somos especialistas en realizar limpiezas profunda y desinfecci\u00f3n de espacios que te ayudar\u00e1n a prevenir el COVID-19 en comercios y residencias&#8221; font_container=&#8221;tag:h4|text_align:center|color:%23ffffff&#8221; use_theme_fonts=&#8221;yes&#8221; css=&#8221;.vc_custom_1584827118695{margin-bottom: 10px !important;}&#8221;][vc_empty_space height=&#8221;40&#8243; [&hellip;]<\/p>\n","protected":false},"author":1,"featured_media":3190,"parent":0,"menu_order":0,"comment_status":"closed","ping_status":"closed","template":"","meta":{"_acf_changed":false,"site-sidebar-layout":"no-sidebar","site-content-layout":"plain-container","ast-site-content-layout":"normal-width-container","site-content-style":"unboxed","site-sidebar-style":"unboxed","ast-global-header-display":"","ast-banner-title-visibility":"","ast-main-header-display":"","ast-hfb-above-header-display":"","ast-hfb-below-header-display":"","ast-hfb-mobile-header-display":"","site-post-title":"disabled","ast-breadcrumbs-content":"","ast-featured-img":"disabled","footer-sml-layout":"","theme-transparent-header-meta":"default","adv-header-id-meta":"","stick-header-meta":"","header-above-stick-meta":"","header-main-stick-meta":"","header-below-stick-meta":"","astra-migrate-meta-layouts":"set","ast-page-background-enabled":"default","ast-page-background-meta":{"desktop":{"background-color":"var(--ast-global-color-4)","background-image":"","background-repeat":"repeat","background-position":"center center","background-size":"auto","background-attachment":"scroll","background-type":"","background-media":"","overlay-type":"","overlay-color":"","overlay-opacity":"","overlay-gradient":""},"tablet":{"background-color":"","background-image":"","background-repeat":"repeat","background-position":"center center","background-size":"auto","background-attachment":"scroll","background-type":"","background-media":"","overlay-type":"","overlay-color":"","overlay-opacity":"","overlay-gradient":""},"mobile":{"background-color":"","background-image":"","background-repeat":"repeat","background-position":"center center","background-size":"auto","background-attachment":"scroll","background-type":"","background-media":"","overlay-type":"","overlay-color":"","overlay-opacity":"","overlay-gradient":""}},"ast-content-background-meta":{"desktop":{"background-color":"var(--ast-global-color-5)","background-image":"","background-repeat":"repeat","background-position":"center center","background-size":"auto","background-attachment":"scroll","background-type":"","background-media":"","overlay-type":"","overlay-color":"","overlay-opacity":"","overlay-gradient":""},"tablet":{"background-color":"var(--ast-global-color-5)","background-image":"","background-repeat":"repeat","background-position":"center center","background-size":"auto","background-attachment":"scroll","background-type":"","background-media":"","overlay-type":"","overlay-color":"","overlay-opacity":"","overlay-gradient":""},"mobile":{"background-color":"var(--ast-global-color-5)","background-image":"","background-repeat":"repeat","background-position":"center center","background-size":"auto","background-attachment":"scroll","background-type":"","background-media":"","overlay-type":"","overlay-color":"","overlay-opacity":"","overlay-gradient":""}},"footnotes":""},"class_list":["post-3170","page","type-page","status-publish","has-post-thumbnail","hentry"],"acf":[],"_links":{"self":[{"href":"https:\/\/greencservices.com\/en\/wp-json\/wp\/v2\/pages\/3170","targetHints":{"allow":["GET"]}}],"collection":[{"href":"https:\/\/greencservices.com\/en\/wp-json\/wp\/v2\/pages"}],"about":[{"href":"https:\/\/greencservices.com\/en\/wp-json\/wp\/v2\/types\/page"}],"author":[{"embeddable":true,"href":"https:\/\/greencservices.com\/en\/wp-json\/wp\/v2\/users\/1"}],"replies":[{"embeddable":true,"href":"https:\/\/greencservices.com\/en\/wp-json\/wp\/v2\/comments?post=3170"}],"version-history":[{"count":5,"href":"https:\/\/greencservices.com\/en\/wp-json\/wp\/v2\/pages\/3170\/revisions"}],"predecessor-version":[{"id":10998,"href":"https:\/\/greencservices.com\/en\/wp-json\/wp\/v2\/pages\/3170\/revisions\/10998"}],"wp:featuredmedia":[{"embeddable":true,"href":"https:\/\/greencservices.com\/en\/wp-json\/wp\/v2\/media\/3190"}],"wp:attachment":[{"href":"https:\/\/greencservices.com\/en\/wp-json\/wp\/v2\/media?parent=3170"}],"curies":[{"name":"wp","href":"https:\/\/api.w.org\/{rel}","templated":true}]}}